{"id":273,"date":"2017-08-02T09:22:42","date_gmt":"2017-08-02T09:22:42","guid":{"rendered":"http:\/\/watertruck.antwerppreview.com\/?page_id=273\/"},"modified":"2017-10-26T13:54:21","modified_gmt":"2017-10-26T11:54:21","slug":"plan-directeur","status":"publish","type":"page","link":"https:\/\/watertruckplus.eu\/fr\/plan-directeur","title":{"rendered":"Plan directeur"},"content":{"rendered":"<p>L&rsquo;objectif \u00e0 long terme de Watertruck+ est de lancer sur le march\u00e9 jusqu&rsquo;\u00e0 500 bateaux. Cela signifie :<\/p>\n<ul>\n<li>De nouveaux chargements et de nouveaux flux de marchandises seront disponibles, aussi pour le march\u00e9 existant.<\/li>\n<li>Le transport fluvial sera plus comp\u00e9titif que le transport routier, ce qui incitera plus d&rsquo;affr\u00e9teurs au transport par voies navigables.<\/li>\n<li>Les capitaines travailleront de jour, ce qui rendra le m\u00e9tier plus attrayant pour les jeunes capitaines.<\/li>\n<li>Gr\u00e2ce \u00e0 la standardisation, les co\u00fbts baisseront et il y aura de nouvelles opportunit\u00e9s, plus accessibles, d&rsquo;investir dans des bateaux.<\/li>\n<\/ul>\n<p>Le projet Watertruck+ a comme objectif de fournir au march\u00e9 des analyses de rentabilit\u00e9 pour une grande flotte europ\u00e9enne de bateaux en lan\u00e7ant le concept Watertruck dans diff\u00e9rentes r\u00e9gions d&rsquo;Europe. <strong>Les investissements dans cette grande flotte seront r\u00e9alis\u00e9s par des partenaires priv\u00e9s.<\/strong><\/p>\n<p>Cette bo\u00eete \u00e0 outil financi\u00e8re comprendra des aides financi\u00e8res disponibles <strong>qui favoriseront l&rsquo;introduction du concept en Europe.<\/strong> Les param\u00e8tres d&rsquo;exploitation et la bo\u00eete \u00e0 outil financi\u00e8re aboutiront \u00e0 un <strong>plan directeur<\/strong> comprenant des analyses de rentabilit\u00e9 pour la nouvelle construction d&rsquo;une flotte de Watertrucks dans toute l&rsquo;Europe, sous l&rsquo;impulsion d&rsquo;investissements priv\u00e9s.<\/p>\n<p>Gr\u00e2ce \u00e0 ces investissements priv\u00e9s, l&rsquo;\u00e9mergence sur le march\u00e9 d&rsquo;une grande flotte de bateaux uniformes, standardis\u00e9s et op\u00e9rationnels de mani\u00e8re modulaire, g\u00e9n\u00e9rera un effet de levier pour le potentiel de croissance dans ce secteur. Ainsi, une grande flotte de Watertrucks deviendra un investissement standard dans le secteur du transport fluvial (comparable aux investissements dans les remorques pour le transport routier), plut\u00f4t qu&rsquo;un investissement ponctuel dans une situation particuli\u00e8re.<\/p>\n","protected":false},"excerpt":{"rendered":"<p>L&rsquo;objectif \u00e0 long terme de Watertruck+ est de lancer sur le march\u00e9 jusqu&rsquo;\u00e0 500 bateaux. Cela signifie : De nouveaux [&hellip;]<\/p>\n","protected":false},"author":1,"featured_media":0,"parent":0,"menu_order":0,"comment_status":"closed","ping_status":"closed","template":"","meta":{"_acf_changed":false,"_monsterinsights_skip_tracking":false,"_monsterinsights_sitenote_active":false,"_monsterinsights_sitenote_note":"","_monsterinsights_sitenote_category":0,"footnotes":""},"class_list":["post-273","page","type-page","status-publish","hentry"],"acf":[],"_links":{"self":[{"href":"https:\/\/watertruckplus.eu\/fr\/wp-json\/wp\/v2\/pages\/273","targetHints":{"allow":["GET"]}}],"collection":[{"href":"https:\/\/watertruckplus.eu\/fr\/wp-json\/wp\/v2\/pages"}],"about":[{"href":"https:\/\/watertruckplus.eu\/fr\/wp-json\/wp\/v2\/types\/page"}],"author":[{"embeddable":true,"href":"https:\/\/watertruckplus.eu\/fr\/wp-json\/wp\/v2\/users\/1"}],"replies":[{"embeddable":true,"href":"https:\/\/watertruckplus.eu\/fr\/wp-json\/wp\/v2\/comments?post=273"}],"version-history":[{"count":0,"href":"https:\/\/watertruckplus.eu\/fr\/wp-json\/wp\/v2\/pages\/273\/revisions"}],"wp:attachment":[{"href":"https:\/\/watertruckplus.eu\/fr\/wp-json\/wp\/v2\/media?parent=273"}],"curies":[{"name":"wp","href":"https:\/\/api.w.org\/{rel}","templated":true}]}}