{"id":2160,"date":"2021-03-26T13:15:52","date_gmt":"2021-03-26T12:15:52","guid":{"rendered":"https:\/\/watertruckplus.eu\/developpement-2"},"modified":"2021-03-26T13:15:52","modified_gmt":"2021-03-26T12:15:52","slug":"developpement-2","status":"publish","type":"page","link":"https:\/\/watertruckplus.eu\/fr\/developpement-2","title":{"rendered":"D\u00e9veloppement"},"content":{"rendered":"\n<p>Watertruck+ est un projet du M\u00e9canisme pour l\u2019interconnexion en Europe (MIE 2014). Il a \u00e9t\u00e9 lanc\u00e9 en 2014 et se termine le 30 juin 2021. Ce projet visait l\u2019introduction progressive du concept de Watertruck.<\/p>\n\n<p>Cette introduction progressive a \u00e9t\u00e9 pr\u00e9vue en trois \u00e9tapes :<\/p>\n\n<h2 class=\"wp-block-heading\">1. Compr\u00e9hension des enjeux et proposition d\u2019une solution \u00e0 long terme<\/h2>\n\n<p>Dans un premier temps, qui comprenait l\u2019interpr\u00e9tation des r\u00e9sultats du projet Watertruck Interreg ENO (2010-2014) et un dialogue approfondi avec les principaux acteurs du transport par voie navigable int\u00e9rieure et avec la Commission europ\u00e9enne, les d\u00e9fis actuels ont \u00e9t\u00e9 inventori\u00e9s et des efforts consid\u00e9rables ont \u00e9t\u00e9 d\u00e9ploy\u00e9s pour proposer au march\u00e9 un concept et un design capables de fournir une solution \u00e0 long terme en ce qui concerne la viabilit\u00e9 op\u00e9rationnelle, la stabilit\u00e9 de la main-d\u2019\u0153uvre et l\u2019attractivit\u00e9 financi\u00e8re.<\/p>\n\n<h2 class=\"wp-block-heading\">2. Phase pilote<\/h2>\n\n<p>En introduisant une petite flotte de 18 bateaux, principalement des barges adapt\u00e9es aux voies navigables CEMT I et II, le projet invite les exploitants et les exp\u00e9diteurs \u00e0 s\u2019impliquer et \u00e0 investir dans le concept. \u00c9tant donn\u00e9 qu\u2019entre 2000 et 2010, 33 bateaux de cette capacit\u00e9 ont \u00e9t\u00e9 retir\u00e9s de la flotte belge chaque ann\u00e9e, cet investissement ne fera qu\u2019att\u00e9nuer le d\u00e9clin progressif de la flotte europ\u00e9enne.<\/p>\n\n<p>De plus, les contrats conclus pour le transport de marchandises par les partenaires de Watertruck+ concernent principalement des flux soit actuellement transport\u00e9s par transport routier, soit nouveaux sur le march\u00e9.<\/p>\n\n<p>Au cours de cette phase pilote, nous apprendrons :<\/p>\n\n<ul class=\"wp-block-list\"><li>comment am\u00e9liorer le design pour optimiser la fonctionnalit\u00e9 et les co\u00fbts ;<\/li><li>quels sont exactement les avantages pour l\u2019exploitation et comment ils se traduisent en argument de vente distinctif pour le concept.<\/li><\/ul>\n\n<p>La phase pilote servira aussi de vitrine pour convaincre le march\u00e9 de la viabilit\u00e9 du concept.<\/p>\n\n<h2 class=\"wp-block-heading\">3. D\u00e9ploiement du concept<\/h2>\n\n<p>Compte tenu des d\u00e9fis du secteur et des enseignements tir\u00e9s des projets pilotes, le projet Watertruck+ a pour principal objectif d\u2019introduire progressivement le concept \u00e0 grande \u00e9chelle. Ce d\u00e9ploiement se focalisera sur deux points :<\/p>\n\n<ul class=\"wp-block-list\"><li>les param\u00e8tres \u00e9conomiques du concept pour l\u2019investissement, la charge utile et les co\u00fbts d\u2019exploitation, tels que d\u00e9termin\u00e9s pendant la phase pilote ;<\/li><li>le d\u00e9ficit d\u2019investissement \u00e0 combler.<\/li><\/ul>\n\n<p>Ce deuxi\u00e8me point est d\u00e9cisif, car la structure actuelle du march\u00e9 est fragment\u00e9e. Les petites entreprises familiales ne parviennent pas \u00e0 convaincre les canaux de financement traditionnels de leur procurer les moyens d\u2019investir dans de nouveaux \u00e9quipements. D\u2019autre part, les gros investisseurs et les m\u00e9canismes de garantie qui semblent accessibles sont trop grands pour traiter avec les PME traditionnelles. Watertruck+ vise \u00e0 fournir une plateforme, \u00e0 savoir une bo\u00eete \u00e0 outils financi\u00e8re, pour faire le lien entre ces deux types d\u2019acteurs.<\/p>\n\n<p>Watertruck+ a pour objectif d\u2019encourager l\u2019adoption du concept par le march\u00e9 en alliant \u00e9conomie et finance, en facilitant la compilation d\u2019analyses de rentabilit\u00e9 viables pour l\u2019investissement dans et le d\u00e9ploiement \u00e0 grande \u00e9chelle de Watertrucks en Europe, et en s\u00e9curisant le transport sur les voies navigables europ\u00e9ennes \u00e0 petit gabarit.<\/p>\n\n<p>Le 10 f\u00e9vrier, nous avons officiellement lanc\u00e9 Watertruck+. Vous avez rat\u00e9 l\u2019\u00e9v\u00e9nement ? <a href=\"https:\/\/www.youtube.com\/watch?v=vfzJKMlkH3U\" target=\"_blank\" rel=\"noreferrer noopener\">Retrouvez ici la retransmission de l\u2019\u00e9v\u00e9nement<\/a><\/p>\n\n<p>Ou regardez la vid\u00e9o r\u00e9capitulative :<\/p>\n<style>.embed-container { position: relative; padding-bottom: 56.25%; height: 0; overflow: hidden; max-width: 100%; } .embed-container iframe, .embed-container object, .embed-container embed { position: absolute; top: 0; left: 0; width: 100%; height: 100%; }<\/style><div class=\"embed-container\"><iframe loading=\"lazy\" width=\"560\" height=\"315\" src=\"https:\/\/www.youtube-nocookie.com\/embed\/h6xBhiCnd88\" frameborder=\"0\" allow=\"accelerometer; autoplay; clipboard-write; encrypted-media; gyroscope; picture-in-picture\" allowfullscreen=\"\"><\/iframe><\/div>\r\n","protected":false},"excerpt":{"rendered":"<p>Watertruck+ est un projet du M\u00e9canisme pour l\u2019interconnexion en Europe (MIE 2014). Il a \u00e9t\u00e9 lanc\u00e9 en 2014 et se [&hellip;]<\/p>\n","protected":false},"author":7,"featured_media":0,"parent":0,"menu_order":0,"comment_status":"closed","ping_status":"closed","template":"","meta":{"_acf_changed":false,"_monsterinsights_skip_tracking":false,"_monsterinsights_sitenote_active":false,"_monsterinsights_sitenote_note":"","_monsterinsights_sitenote_category":0,"footnotes":""},"class_list":["post-2160","page","type-page","status-publish","hentry"],"acf":[],"_links":{"self":[{"href":"https:\/\/watertruckplus.eu\/fr\/wp-json\/wp\/v2\/pages\/2160","targetHints":{"allow":["GET"]}}],"collection":[{"href":"https:\/\/watertruckplus.eu\/fr\/wp-json\/wp\/v2\/pages"}],"about":[{"href":"https:\/\/watertruckplus.eu\/fr\/wp-json\/wp\/v2\/types\/page"}],"author":[{"embeddable":true,"href":"https:\/\/watertruckplus.eu\/fr\/wp-json\/wp\/v2\/users\/7"}],"replies":[{"embeddable":true,"href":"https:\/\/watertruckplus.eu\/fr\/wp-json\/wp\/v2\/comments?post=2160"}],"version-history":[{"count":0,"href":"https:\/\/watertruckplus.eu\/fr\/wp-json\/wp\/v2\/pages\/2160\/revisions"}],"wp:attachment":[{"href":"https:\/\/watertruckplus.eu\/fr\/wp-json\/wp\/v2\/media?parent=2160"}],"curies":[{"name":"wp","href":"https:\/\/api.w.org\/{rel}","templated":true}]}}