{"id":1243,"date":"2018-05-28T14:47:02","date_gmt":"2018-05-28T12:47:02","guid":{"rendered":"https:\/\/watertruckplus.eu\/?page_id=1243"},"modified":"2018-05-28T14:47:02","modified_gmt":"2018-05-28T12:47:02","slug":"notre-politique-de-confidentialite","status":"publish","type":"page","link":"https:\/\/watertruckplus.eu\/fr\/notre-politique-de-confidentialite","title":{"rendered":"Notre politique de confidentialit\u00e9"},"content":{"rendered":"<p>Watertruck + bvba traite les donn\u00e9es personnelles conform\u00e9ment \u00e0 cette d\u00e9claration de confidentialit\u00e9.<\/p>\n<p><strong><em>Raisons du traitement<\/em><\/strong><\/p>\n<p>Watertruck + bvba recueille et traite les donn\u00e9es personnelles n\u00e9cessaires pour envoyer des informations relatives au projet Watertruck +.<\/p>\n<p><strong><em>Base juridique du traitement<\/em><\/strong><\/p>\n<p>Les donn\u00e9es personnelles sont trait\u00e9es sur la base de l&rsquo;article 6.1. [a) Consentement] du R\u00e8glement g\u00e9n\u00e9ral sur la protection des donn\u00e9es. Toute personne a le droit de retirer le consentement donn\u00e9.<\/p>\n<p><strong><em>Transfert \u00e0 des tiers<\/em><\/strong><\/p>\n<p>Si n\u00e9cessaire, afin de r\u00e9aliser les objectifs indiqu\u00e9s, les donn\u00e9es personnelles seront partag\u00e9es avec d&rsquo;autres entreprises dans l&rsquo;Espace \u00e9conomique europ\u00e9en qui sont li\u00e9es directement ou indirectement avec Watertruck + ou avec d&rsquo;autres partenaires de Watertruck +;<\/p>\n<p>Watertruck + garantit que les destinataires de ces donn\u00e9es prendront les mesures techniques et organisationnelles n\u00e9cessaires pour prot\u00e9ger les donn\u00e9es personnelles.<\/p>\n<p><strong><em>Dur\u00e9e de conservation<\/em><\/strong><\/p>\n<p>Les donn\u00e9es personnelles trait\u00e9es dans le but d&rsquo;envoyer des informations seront conserv\u00e9es pendant toute la dur\u00e9e de vie du projet Watertruck + et 1 an apr\u00e8s.<\/p>\n<p><strong><em>Droit d&rsquo;acc\u00e8s, de rectification, de suppression, de limitation, d&rsquo;opposition et de transf\u00e9rabilit\u00e9 des donn\u00e9es personnelles<\/em><\/strong><\/p>\n<p>Toute personne a le droit d&rsquo;inspecter ses donn\u00e9es personnelles \u00e0 tout moment et de les corriger (ou les faire corriger) si elles sont incorrectes ou incompl\u00e8tes, de les faire supprimer, de restreindre leur traitement et de s&rsquo;opposer au traitement des donn\u00e9es personnelles les concernant sur la base de l&rsquo;article 6.1 e) ou f), y compris le profilage sur la base de ces dispositions.<\/p>\n<p>En outre, le client a le droit d&rsquo;obtenir une copie (dans un format structur\u00e9, accessible et lisible par machine) de ses donn\u00e9es personnelles et de transmettre ces donn\u00e9es personnelles \u00e0 une autre entreprise.<\/p>\n<p>Afin d&rsquo;exercer les droits ci-dessus, le client est invit\u00e9 \u00e0 envoyer un e-mail \u00e0 l&rsquo;adresse e-mail suivante : <a href=\"mailto:info@watertruck.eu\">info@watertruck.eu<\/a>.<\/p>\n<p><strong><em>Marketing direct<\/em><\/strong><\/p>\n<p>Le client a le droit de s&rsquo;opposer librement \u00e0 tout traitement de ses donn\u00e9es personnelles \u00e0 des fins de marketing direct.<\/p>\n<p><strong><em>Plaintes<\/em><\/strong><\/p>\n<p>Le client a le droit de se plaindre \u00e0 la Commission pour la protection de la vie priv\u00e9e (Rue de la Presse 35, 1000 Bruxelles &#8211; <a href=\"mailto:commission@privacycommission.be\">commission@privacycommission.be<\/a>).<\/p>\n<p>Veuillez noter que les langues pr\u00e9f\u00e9r\u00e9es pour contacter la Commission de confidentialit\u00e9 sont le n\u00e9erlandais et le fran\u00e7ais.<\/p>\n<p>&nbsp;<\/p>\n","protected":false},"excerpt":{"rendered":"<p>Watertruck + bvba traite les donn\u00e9es personnelles conform\u00e9ment \u00e0 cette d\u00e9claration de confidentialit\u00e9. Raisons du traitement Watertruck + bvba recueille [&hellip;]<\/p>\n","protected":false},"author":2,"featured_media":0,"parent":0,"menu_order":0,"comment_status":"closed","ping_status":"closed","template":"","meta":{"_acf_changed":false,"_monsterinsights_skip_tracking":false,"_monsterinsights_sitenote_active":false,"_monsterinsights_sitenote_note":"","_monsterinsights_sitenote_category":0,"footnotes":""},"class_list":["post-1243","page","type-page","status-publish","hentry"],"acf":[],"_links":{"self":[{"href":"https:\/\/watertruckplus.eu\/fr\/wp-json\/wp\/v2\/pages\/1243","targetHints":{"allow":["GET"]}}],"collection":[{"href":"https:\/\/watertruckplus.eu\/fr\/wp-json\/wp\/v2\/pages"}],"about":[{"href":"https:\/\/watertruckplus.eu\/fr\/wp-json\/wp\/v2\/types\/page"}],"author":[{"embeddable":true,"href":"https:\/\/watertruckplus.eu\/fr\/wp-json\/wp\/v2\/users\/2"}],"replies":[{"embeddable":true,"href":"https:\/\/watertruckplus.eu\/fr\/wp-json\/wp\/v2\/comments?post=1243"}],"version-history":[{"count":0,"href":"https:\/\/watertruckplus.eu\/fr\/wp-json\/wp\/v2\/pages\/1243\/revisions"}],"wp:attachment":[{"href":"https:\/\/watertruckplus.eu\/fr\/wp-json\/wp\/v2\/media?parent=1243"}],"curies":[{"name":"wp","href":"https:\/\/api.w.org\/{rel}","templated":true}]}}