{"id":466,"date":"2017-08-09T12:41:06","date_gmt":"2017-08-09T12:41:06","guid":{"rendered":"http:\/\/watertruck.antwerppreview.com\/?page_id=466"},"modified":"2018-09-12T11:13:27","modified_gmt":"2018-09-12T09:13:27","slug":"probelaeufe","status":"publish","type":"page","link":"https:\/\/watertruckplus.eu\/de\/probelaeufe","title":{"rendered":"Probel\u00e4ufe"},"content":{"rendered":"<p class=\"tw-data-text tw-ta tw-text-small\" dir=\"ltr\" data-placeholder=\"Vertaling\"><span lang=\"de\">Die ersten <\/span>Probel\u00e4ufe <span lang=\"de\">finden Zeit ab dem ersten Quartal 2019. Weitere Informationen folgen der Verf\u00fcgbarkeit. Bis dahin k\u00f6nnen Sie die Probel\u00e4ufe aus dem vorherigen Watertruck Interreg Projekt ansehen.<\/span><\/p>\n","protected":false},"excerpt":{"rendered":"<p>Die ersten Probel\u00e4ufe finden Zeit ab dem ersten Quartal 2019. Weitere Informationen folgen der Verf\u00fcgbarkeit. Bis dahin k\u00f6nnen Sie die [&hellip;]<\/p>\n","protected":false},"author":1,"featured_media":0,"parent":0,"menu_order":0,"comment_status":"closed","ping_status":"closed","template":"page-test-trials.php","meta":{"_acf_changed":false,"_monsterinsights_skip_tracking":false,"_monsterinsights_sitenote_active":false,"_monsterinsights_sitenote_note":"","_monsterinsights_sitenote_category":0,"footnotes":""},"class_list":["post-466","page","type-page","status-publish","hentry"],"acf":[],"_links":{"self":[{"href":"https:\/\/watertruckplus.eu\/de\/wp-json\/wp\/v2\/pages\/466","targetHints":{"allow":["GET"]}}],"collection":[{"href":"https:\/\/watertruckplus.eu\/de\/wp-json\/wp\/v2\/pages"}],"about":[{"href":"https:\/\/watertruckplus.eu\/de\/wp-json\/wp\/v2\/types\/page"}],"author":[{"embeddable":true,"href":"https:\/\/watertruckplus.eu\/de\/wp-json\/wp\/v2\/users\/1"}],"replies":[{"embeddable":true,"href":"https:\/\/watertruckplus.eu\/de\/wp-json\/wp\/v2\/comments?post=466"}],"version-history":[{"count":0,"href":"https:\/\/watertruckplus.eu\/de\/wp-json\/wp\/v2\/pages\/466\/revisions"}],"wp:attachment":[{"href":"https:\/\/watertruckplus.eu\/de\/wp-json\/wp\/v2\/media?parent=466"}],"curies":[{"name":"wp","href":"https:\/\/api.w.org\/{rel}","templated":true}]}}