{"id":450,"date":"2017-08-09T12:19:51","date_gmt":"2017-08-09T12:19:51","guid":{"rendered":"http:\/\/watertruck.antwerppreview.com\/?page_id=450"},"modified":"2017-08-09T12:19:51","modified_gmt":"2017-08-09T12:19:51","slug":"masterplan","status":"publish","type":"page","link":"https:\/\/watertruckplus.eu\/de\/masterplan","title":{"rendered":"Masterplan"},"content":{"rendered":"<p>Langfristig zielt Watertruck+ darauf ab, im gr\u00f6\u00dferen Umfang bis zu 500 Schiffe auf den Markt zu bringen. Das bedeutet:<\/p>\n<ul>\n<li>Neue G\u00fcterladungen und neue L\u00e4ufe werden verf\u00fcgbar, auch f\u00fcr den bestehenden Markt.<\/li>\n<li>Wasserwegetransport wird im Vergleich zum Stra\u00dfentransport wettbewerbsf\u00e4higer, was mehr Verlader zum Transport \u00fcber Wasser bewegen wird.<\/li>\n<li>Kapit\u00e4ne bekommen Arbeitszeiten am Tag, was den Beruf f\u00fcr Jungkapit\u00e4ne interessanter macht.<\/li>\n<li>Es gibt wegen der Standardisierung eine &#8211; erschwinglichere &#8211; Weise von Investitionen in Schiffe, was zu niedrigeren Preisen und neuen Investitionsmethoden f\u00fchrt.<\/li>\n<\/ul>\n<p>Ziel des Watertruck+-Projekts ist es, den Markt mit Gesch\u00e4ftsszenarien f\u00fcr eine gro\u00dfe europ\u00e4ische Schiffsflotte auszur\u00fcsten, in dem das Watertruck-Konzept in verschiedenen europ\u00e4ischen Regionen auf den Markt gebracht wird. <strong>Investitionen in diese gro\u00dfe Flotte erfolgen durch private Partner.<\/strong><\/p>\n<p>Diese Finanz-Toolbox wird verf\u00fcgbare finanzielle Hilfsmittel umfassen, die <strong>die Einf\u00fchrung des Konzepts in Europa unterst\u00fctzt.<\/strong> Die Betriebs-Parameter und die Finanz-Toolbox gehen aus einem <strong>Masterplan<\/strong> hervor, der unter Anregung von  privaten Investitionen aus Gesch\u00e4ftsszenarien f\u00fcr den Neubau einer europaweiten Watertruck-Flotte besteht.<\/p>\n<p>Durch den Anreiz von Privatinvestitionen wird das Aufkommen einer gro\u00dfen Flotte von einheitlichen standardisierten und modular einsatzf\u00e4higen Schiffen auf dem Markt <strong>eine Hebelung des Wachstumspotentials<\/strong> erzeugen. Damit soll eine gro\u00dfe Flotte von Watertrucks eine <strong>Standardinvestition im Bereich des Binnenwasserwegetransports<\/strong> (vergleichbar mit Investitionen in G\u00fcterz\u00fcgen beim Stra\u00dfentransport) und nicht nur eine auf Sondersituationen basierende einmalige Investition werden. <\/p>\n","protected":false},"excerpt":{"rendered":"<p>Langfristig zielt Watertruck+ darauf ab, im gr\u00f6\u00dferen Umfang bis zu 500 Schiffe auf den Markt zu bringen. Das bedeutet: Neue [&hellip;]<\/p>\n","protected":false},"author":1,"featured_media":0,"parent":0,"menu_order":0,"comment_status":"closed","ping_status":"closed","template":"","meta":{"_acf_changed":false,"_monsterinsights_skip_tracking":false,"_monsterinsights_sitenote_active":false,"_monsterinsights_sitenote_note":"","_monsterinsights_sitenote_category":0,"footnotes":""},"class_list":["post-450","page","type-page","status-publish","hentry"],"acf":[],"_links":{"self":[{"href":"https:\/\/watertruckplus.eu\/de\/wp-json\/wp\/v2\/pages\/450","targetHints":{"allow":["GET"]}}],"collection":[{"href":"https:\/\/watertruckplus.eu\/de\/wp-json\/wp\/v2\/pages"}],"about":[{"href":"https:\/\/watertruckplus.eu\/de\/wp-json\/wp\/v2\/types\/page"}],"author":[{"embeddable":true,"href":"https:\/\/watertruckplus.eu\/de\/wp-json\/wp\/v2\/users\/1"}],"replies":[{"embeddable":true,"href":"https:\/\/watertruckplus.eu\/de\/wp-json\/wp\/v2\/comments?post=450"}],"version-history":[{"count":0,"href":"https:\/\/watertruckplus.eu\/de\/wp-json\/wp\/v2\/pages\/450\/revisions"}],"wp:attachment":[{"href":"https:\/\/watertruckplus.eu\/de\/wp-json\/wp\/v2\/media?parent=450"}],"curies":[{"name":"wp","href":"https:\/\/api.w.org\/{rel}","templated":true}]}}