{"id":432,"date":"2017-08-09T11:40:56","date_gmt":"2017-08-09T11:40:56","guid":{"rendered":"http:\/\/watertruck.antwerppreview.com\/?page_id=432"},"modified":"2021-03-26T12:36:11","modified_gmt":"2021-03-26T11:36:11","slug":"was-ist-watertruck","status":"publish","type":"page","link":"https:\/\/watertruckplus.eu\/de","title":{"rendered":"Was ist Watertruck+ ?"},"content":{"rendered":"<p>Watertruck + ist ein europ\u00e4isches Projekt, das ein innovatives Konzept f\u00fcr den Transport von Waren auf kleinen Wasserstra\u00dfen (CEMT I-IV) einf\u00fchrt. Durch die Nutzung von kleinen, standardisierten Bargen mit oder ohne eigenen Antrieb in Kombination mit gro\u00dfen oder kleinen umweltfreundlichen Schubschiffen, die zum Antreiben der Konvois genutzt werden, gew\u00e4hrleistet das Konzept eine maximale Flexibilit\u00e4t der Operationen und erh\u00e4lt zugleich durch die Verbindung kleiner Binnenwasserstra\u00dfen mit dem TEN-T-Netzwerk eine maximale regionale Deckung aufrecht. Indem Watertruck+ die kleinen Wasserstra\u00dfen f\u00fcr den Frachttransport verf\u00fcgbar macht, erschlie\u00dft es das wirtschaftliche Potenzial mehrerer Regionen.<\/p>\n<p><a href=\"https:\/\/www.youtube.com\/watch?v=75St6sC0qTI&amp;t=90s\" target=\"_blank\" rel=\"noopener\">In unserem Animationsfilm erfahren Sie, wie es funktioniert.<\/a><\/p>\n","protected":false},"excerpt":{"rendered":"<p>Watertruck + ist ein europ\u00e4isches Projekt, das ein innovatives Konzept f\u00fcr den Transport von Waren auf kleinen Wasserstra\u00dfen (CEMT I-IV) [&hellip;]<\/p>\n","protected":false},"author":1,"featured_media":1554,"parent":0,"menu_order":0,"comment_status":"closed","ping_status":"closed","template":"","meta":{"_acf_changed":false,"_monsterinsights_skip_tracking":false,"_monsterinsights_sitenote_active":false,"_monsterinsights_sitenote_note":"","_monsterinsights_sitenote_category":0,"footnotes":""},"class_list":["post-432","page","type-page","status-publish","has-post-thumbnail","hentry"],"acf":[],"_links":{"self":[{"href":"https:\/\/watertruckplus.eu\/de\/wp-json\/wp\/v2\/pages\/432","targetHints":{"allow":["GET"]}}],"collection":[{"href":"https:\/\/watertruckplus.eu\/de\/wp-json\/wp\/v2\/pages"}],"about":[{"href":"https:\/\/watertruckplus.eu\/de\/wp-json\/wp\/v2\/types\/page"}],"author":[{"embeddable":true,"href":"https:\/\/watertruckplus.eu\/de\/wp-json\/wp\/v2\/users\/1"}],"replies":[{"embeddable":true,"href":"https:\/\/watertruckplus.eu\/de\/wp-json\/wp\/v2\/comments?post=432"}],"version-history":[{"count":0,"href":"https:\/\/watertruckplus.eu\/de\/wp-json\/wp\/v2\/pages\/432\/revisions"}],"wp:featuredmedia":[{"embeddable":true,"href":"https:\/\/watertruckplus.eu\/de\/wp-json\/wp\/v2\/media\/1554"}],"wp:attachment":[{"href":"https:\/\/watertruckplus.eu\/de\/wp-json\/wp\/v2\/media?parent=432"}],"curies":[{"name":"wp","href":"https:\/\/api.w.org\/{rel}","templated":true}]}}