{"id":2162,"date":"2021-03-26T13:18:24","date_gmt":"2021-03-26T12:18:24","guid":{"rendered":"https:\/\/watertruckplus.eu\/prozess"},"modified":"2021-03-26T13:18:24","modified_gmt":"2021-03-26T12:18:24","slug":"prozess","status":"publish","type":"page","link":"https:\/\/watertruckplus.eu\/de\/prozess","title":{"rendered":"Prozess"},"content":{"rendered":"\n<p>Watertruck+ ist ein Projekt der Fazilit\u00e4t &#8222;Connecting Europe) (CEF 2014). Es begann 2014 und endet am 30. Juni 2021. Das Projekt hatte die schrittweise Einf\u00fchrung des Watertruck-Konzepts zum Ziel.<\/p>\n\n<p>Diese sukzessive Einf\u00fchrung umfasst drei Schritte:<\/p>\n\n<h2 class=\"wp-block-heading\">1. Die Probleme verstehen und eine langfristige L\u00f6sung anbieten<\/h2>\n\n<p>Als erster Schritt, der die Auslegung der Ergebnisse des Projekts Watertruck Interreg NWE (2010-2014) und einen intensiven Dialog mit dem Hauptinteressenvertretern von IWT und der Europ\u00e4ischen Kommission umfasst, wurden die aktuellen Herausforderungen festgehalten und umfassende Anstrengungen unternommen, um dem Markt ein Konzept und Design zu bieten, das eine langfristige L\u00f6sung f\u00fcr die betriebliche Lebensf\u00e4higkeit, die Stabilit\u00e4t des Personals und die finanzielle Attraktivit\u00e4t bereith\u00e4lt.<\/p>\n\n<h2 class=\"wp-block-heading\">2. Pilotphase<\/h2>\n\n<p>Mit der Einf\u00fchrung einer kleinen Flotte von 18, meist f\u00fcr Wasserstra\u00dfen der Kategorien CEMT I und II geeigneten Fahrzeugen, engagieren sich Betreiber und Verlader mit der Investition in dieses Konzept. Da im ersten Jahrzehnt dieses Jahrhunderts 33 Schiffe in diesem Leistungsbereich aus der belgischen Flotte ausgeschieden sind, wird diese Investition nur dazu dienen, die st\u00e4ndige Verkleinerung der europ\u00e4ischen Flotte abzubremsen.<\/p>\n\n<p>Dar\u00fcber hinaus ist der unter Vertrag der Partner von Watertruck+ bef\u00f6rderte Warenverkehr haupts\u00e4chlich Warenverkehr, der entweder derzeit \u00fcber den Landweg abl\u00e4uft oder neu ist.<\/p>\n\n<p>Aus dieser Pilotphase lernen wir:<\/p>\n\n<ul class=\"wp-block-list\"><li>wie das Design hinsichtlich Funktionalit\u00e4t und Kosten verbessert werden kann;<\/li><li>was die genauen betrieblichen Vorteile sind und wie diese sich f\u00fcr das Konzept in USPs umsetzen lassen.<\/li><\/ul>\n\n<p>Die Pilotphase wird dar\u00fcber hinaus als Vorzeigeprojekt dienen, um den Markt von der Lebensf\u00e4higkeit des Konzepts zu \u00fcberzeugen.<\/p>\n\n<h2 class=\"wp-block-heading\">3. Einf\u00fchrung des Konzepts<\/h2>\n\n<p>Unter Ber\u00fccksichtigung der Herausforderungen des Sektors und der Ergebnisse der Pilotphase besteht das Hauptziel des Projekts Watertruck+ in der schrittweisen Einf\u00fchrung des Konzepts in gro\u00dfem Ma\u00dfstab. Diese Einf\u00fchrung wird auf zwei Schwerpunkten basieren:<\/p>\n\n<ul class=\"wp-block-list\"><li>den wirtschaftlichen Parametern des Konzepts hinsichtlich Investition, Tragkraft und Kosten der Operationen unter Ber\u00fccksichtigung der Ergebnisse der Pilotphase;<\/li><li>der \u00dcberbr\u00fcckung der Investitionsl\u00fccke.<\/li><\/ul>\n\n<p>Dieser zweite Punkt ist der Hauptpunkt, da die derzeitige Struktur des Marktes zersplittert ist. Kleinere Familienunternehmen schaffen es nicht, traditionelle Finanzierungskan\u00e4le davon zu \u00fcberzeugen, die Investitionsmittel f\u00fcr neue Ausstattung bereitzustellen. Auf der anderen Seite scheinen Hauptinvestoren oder Garantiemechanismen erreichbar zu sein, aber sie sind zu gro\u00df f\u00fcr herk\u00f6mmliche KMU. Watertruck+ m\u00f6chte eine Plattform, und zwar eine finanzielle Toolbox, zur Verf\u00fcgung stellen, um diese beiden Seiten zusammenzubringen.<\/p>\n\n<p>Watertruck+ hat es sich durch die Kombination von Wirtschaft und Finanzen zum Ziel gesetzt, die Annahme des Konzepts durch den Markt zu f\u00f6rdern und zugleich die Aufstellung tragf\u00e4higer Gesch\u00e4ftsf\u00e4lle f\u00fcr die Investition in und Entwicklung von einem breiten Umfang von Watertrucks in Europa zu erm\u00f6glichen und IWT f\u00fcr kleinere europ\u00e4ische Wasserstra\u00dfen sicherzustellen.<\/p>\n\n<p>Die offizielle Einf\u00fchrung von Watertruck+ war am 10. Februar. Haben Sie es verpasst? <a href=\"https:\/\/www.youtube.com\/watch?v=vfzJKMlkH3U\" target=\"_blank\" rel=\"noreferrer noopener\">Sehen Sie sich hier den gesamten Livestream an<\/a>.<\/p>\n\n<p>Oder schauen Sie sich das Aftermovie der Veranstaltung an:<\/p>\n<style>.embed-container { position: relative; padding-bottom: 56.25%; height: 0; overflow: hidden; max-width: 100%; } .embed-container iframe, .embed-container object, .embed-container embed { position: absolute; top: 0; left: 0; width: 100%; height: 100%; }<\/style><div class=\"embed-container\"><iframe loading=\"lazy\" width=\"560\" height=\"315\" src=\"https:\/\/www.youtube-nocookie.com\/embed\/h6xBhiCnd88\" frameborder=\"0\" allow=\"accelerometer; autoplay; clipboard-write; encrypted-media; gyroscope; picture-in-picture\" allowfullscreen=\"\"><\/iframe><\/div>\r\n","protected":false},"excerpt":{"rendered":"<p>Watertruck+ ist ein Projekt der Fazilit\u00e4t &#8222;Connecting Europe) (CEF 2014). Es begann 2014 und endet am 30. Juni 2021. Das [&hellip;]<\/p>\n","protected":false},"author":7,"featured_media":0,"parent":0,"menu_order":0,"comment_status":"closed","ping_status":"closed","template":"","meta":{"_acf_changed":false,"_monsterinsights_skip_tracking":false,"_monsterinsights_sitenote_active":false,"_monsterinsights_sitenote_note":"","_monsterinsights_sitenote_category":0,"footnotes":""},"class_list":["post-2162","page","type-page","status-publish","hentry"],"acf":[],"_links":{"self":[{"href":"https:\/\/watertruckplus.eu\/de\/wp-json\/wp\/v2\/pages\/2162","targetHints":{"allow":["GET"]}}],"collection":[{"href":"https:\/\/watertruckplus.eu\/de\/wp-json\/wp\/v2\/pages"}],"about":[{"href":"https:\/\/watertruckplus.eu\/de\/wp-json\/wp\/v2\/types\/page"}],"author":[{"embeddable":true,"href":"https:\/\/watertruckplus.eu\/de\/wp-json\/wp\/v2\/users\/7"}],"replies":[{"embeddable":true,"href":"https:\/\/watertruckplus.eu\/de\/wp-json\/wp\/v2\/comments?post=2162"}],"version-history":[{"count":0,"href":"https:\/\/watertruckplus.eu\/de\/wp-json\/wp\/v2\/pages\/2162\/revisions"}],"wp:attachment":[{"href":"https:\/\/watertruckplus.eu\/de\/wp-json\/wp\/v2\/media?parent=2162"}],"curies":[{"name":"wp","href":"https:\/\/api.w.org\/{rel}","templated":true}]}}