{"id":1245,"date":"2018-05-28T14:48:57","date_gmt":"2018-05-28T12:48:57","guid":{"rendered":"https:\/\/watertruckplus.eu\/?page_id=1245"},"modified":"2018-05-28T14:48:57","modified_gmt":"2018-05-28T12:48:57","slug":"unsere-datenschutzbestimmungen","status":"publish","type":"page","link":"https:\/\/watertruckplus.eu\/de\/unsere-datenschutzbestimmungen","title":{"rendered":"Unsere Datenschutzbestimmungen"},"content":{"rendered":"<p>Watertruck+ bbva verarbeitet pers\u00f6nliche Daten in \u00dcbereinstimmung mit dieser Datenschutzerkl\u00e4rung.<\/p>\n<p><strong><em>Verarbeitungsgr\u00fcnde <\/em><\/strong><\/p>\n<p>Watertruck+ bbva sammelt und verarbeitet die pers\u00f6nlichen Daten, die zum Informationsversand in Bezug auf das Watertruck-Projekt ben\u00f6tigt werden.<\/p>\n<p><strong><em>Gesetzliche Verarbeitungsgrundlage <\/em><\/strong><\/p>\n<p>Pers\u00f6nliche Daten werden auf Grundlage des Art. 6.1. [(a) <u>Einwilligung<\/u>] der Allgemeinen Datenschutzbestimmungen verarbeitet. Jede Person hat das Recht auf Widerspruch der abgegebenen Einwilligung<\/p>\n<p><strong><em>\u00dcbertragung auf Dritte <\/em><\/strong><\/p>\n<p>Falls notwendig und um die genannten Zwecke zu erzielen, werden die pers\u00f6nlichen Daten mit anderen Firmen, die direkt oder indirekt mit Watertruck+ oder anderen Watertruck+-Partnern verbunden sind, geteilt;<\/p>\n<p>Watertruck+ garantiert, dass die Empf\u00e4nger dieser Daten die n\u00f6tigen technischen und organisatorischen Ma\u00dfnahmen ergreifen, um pers\u00f6nliche Daten zu sch\u00fctzen.<\/p>\n<p><strong><em>Aufbewahrungsfrist <\/em><\/strong><\/p>\n<p>Pers\u00f6nliche Daten f\u00fcr Verarbeitung zum Informationsversand werden f\u00fcr die gesamte Projektlaufzeit und 1 Jahr dar\u00fcber hinaus gespeichert.<\/p>\n<p><strong><em>Recht auf Zugang, Korrektur, L\u00f6schung, Begrenzung, Widerspruch und \u00dcbertragbarkeit von pers\u00f6nlichen Daten <\/em><\/strong><\/p>\n<p>Jede Person hat das Recht, ihre Daten jederzeit einzusehen und sie zu korrigieren (oder korrigieren zu lassen), falls sie inkorrekt oder unvollst\u00e4ndig sind, sie l\u00f6schen zu lassen, deren Verarbeitung einzuschr\u00e4nken und der Verarbeitung pers\u00f6nlicher Daten in Bezug auf Grundlage von Art. 6.1 (e) oder (f) zu widersprechen, einschlie\u00dflich der Profilerstellung auf Grundlage dieser Bestimmungen.<\/p>\n<p>Zus\u00e4tzlich hat der Kunde das Recht, eine Kopie seiner pers\u00f6nlichen Daten (in strukturiertem, zug\u00e4nglichem und maschinenlesbarem Format) zu erhalten, und dass seine pers\u00f6nlichen Daten an andere Firmen weitergeleitet werden.<\/p>\n<p>Um die obigen Rechte auszuf\u00fchren, wird der Kunde gebeten, eine e-Mail an die folgende E-Mail-Adresse zu senden: <a href=\"mailto:info@watertruck.eu\">info@watertruck.eu<\/a>.<\/p>\n<p><strong><em>\u00a0Direktmarketing<\/em><\/strong><\/p>\n<p>Der Kunde hat das Recht, jeglicher Verarbeitung seiner pers\u00f6nlichen Daten f\u00fcr Direktmarketing-Zwecke uneingeschr\u00e4nkt zu widersprechen.<\/p>\n<p><strong><em>Beschwerden<\/em><\/strong><\/p>\n<p>Der Kunde hat das Recht, bei der Kommission f\u00fcr Datenschutz\u00a0 (Rue de la Presse 35, 1000 Brussels \u2013 <a href=\"mailto:commission@privacycommission.be\">commission@privacycommission.be&#8220;@privacycommission.be<\/a>) Beschwerde einzulegen.<br \/>\nBitte beachten Sie, dass Niederl\u00e4ndisch und Franz\u00f6sisch die bevorzugten Sprachen f\u00fcr den Kontakt mit der Datenschutzkommission sind.<\/p>\n<p>&nbsp;<\/p>\n","protected":false},"excerpt":{"rendered":"<p>Watertruck+ bbva verarbeitet pers\u00f6nliche Daten in \u00dcbereinstimmung mit dieser Datenschutzerkl\u00e4rung. Verarbeitungsgr\u00fcnde Watertruck+ bbva sammelt und verarbeitet die pers\u00f6nlichen Daten, die [&hellip;]<\/p>\n","protected":false},"author":2,"featured_media":0,"parent":0,"menu_order":0,"comment_status":"closed","ping_status":"closed","template":"","meta":{"_acf_changed":false,"_monsterinsights_skip_tracking":false,"_monsterinsights_sitenote_active":false,"_monsterinsights_sitenote_note":"","_monsterinsights_sitenote_category":0,"footnotes":""},"class_list":["post-1245","page","type-page","status-publish","hentry"],"acf":[],"_links":{"self":[{"href":"https:\/\/watertruckplus.eu\/de\/wp-json\/wp\/v2\/pages\/1245","targetHints":{"allow":["GET"]}}],"collection":[{"href":"https:\/\/watertruckplus.eu\/de\/wp-json\/wp\/v2\/pages"}],"about":[{"href":"https:\/\/watertruckplus.eu\/de\/wp-json\/wp\/v2\/types\/page"}],"author":[{"embeddable":true,"href":"https:\/\/watertruckplus.eu\/de\/wp-json\/wp\/v2\/users\/2"}],"replies":[{"embeddable":true,"href":"https:\/\/watertruckplus.eu\/de\/wp-json\/wp\/v2\/comments?post=1245"}],"version-history":[{"count":0,"href":"https:\/\/watertruckplus.eu\/de\/wp-json\/wp\/v2\/pages\/1245\/revisions"}],"wp:attachment":[{"href":"https:\/\/watertruckplus.eu\/de\/wp-json\/wp\/v2\/media?parent=1245"}],"curies":[{"name":"wp","href":"https:\/\/api.w.org\/{rel}","templated":true}]}}